{"id":10075,"date":"2025-03-05T23:48:39","date_gmt":"2025-03-05T23:48:39","guid":{"rendered":"https:\/\/darzein.com\/?page_id=10075"},"modified":"2025-07-29T23:31:43","modified_gmt":"2025-07-29T23:31:43","slug":"presentation-de-dbv-dar-el-zein-bourse-et-voyage","status":"publish","type":"page","link":"https:\/\/darzein.com\/?page_id=10075","title":{"rendered":"Pr\u00e9sentation de DBV &#8211; Dar El Zein Bourse et Voyage"},"content":{"rendered":"\t\t<div data-elementor-type=\"wp-page\" data-elementor-id=\"10075\" class=\"elementor elementor-10075\">\n\t\t\t\t\t\t<section class=\"elementor-section elementor-top-section elementor-element elementor-element-ba183d6 elementor-section-boxed elementor-section-height-default elementor-section-height-default\" data-id=\"ba183d6\" data-element_type=\"section\">\n\t\t\t\t\t\t<div class=\"elementor-container elementor-column-gap-default\">\n\t\t\t\t\t<div class=\"elementor-column elementor-col-66 elementor-top-column elementor-element elementor-element-e67584c\" data-id=\"e67584c\" data-element_type=\"column\">\n\t\t\t<div class=\"elementor-widget-wrap elementor-element-populated\">\n\t\t\t\t\t\t<div class=\"elementor-element elementor-element-9f7c658 elementor-widget elementor-widget-image\" data-id=\"9f7c658\" data-element_type=\"widget\" data-widget_type=\"image.default\">\n\t\t\t\t<div class=\"elementor-widget-container\">\n\t\t\t\t\t\t\t\t\t\t\t\t\t<img fetchpriority=\"high\" decoding=\"async\" width=\"750\" height=\"469\" src=\"https:\/\/darzein.com\/wp-content\/uploads\/2025\/04\/IMG-20250423-WA0099.jpg\" class=\"attachment-full size-full wp-image-10127\" alt=\"\" srcset=\"https:\/\/darzein.com\/wp-content\/uploads\/2025\/04\/IMG-20250423-WA0099.jpg 750w, https:\/\/darzein.com\/wp-content\/uploads\/2025\/04\/IMG-20250423-WA0099-300x188.jpg 300w\" sizes=\"(max-width: 750px) 100vw, 750px\" \/>\t\t\t\t\t\t\t\t\t\t\t\t\t<\/div>\n\t\t\t\t<\/div>\n\t\t\t\t<div class=\"elementor-element elementor-element-12a140d elementor-widget elementor-widget-heading\" data-id=\"12a140d\" data-element_type=\"widget\" data-widget_type=\"heading.default\">\n\t\t\t\t<div class=\"elementor-widget-container\">\n\t\t\t<h3 class=\"elementor-heading-title elementor-size-default\">Pr\u00e9sentation de DBV - Dar El Zein Bourse et Voyage<\/h3>\t\t<\/div>\n\t\t\t\t<\/div>\n\t\t\t\t<div class=\"elementor-element elementor-element-be534a6 elementor-widget elementor-widget-text-editor\" data-id=\"be534a6\" data-element_type=\"widget\" data-widget_type=\"text-editor.default\">\n\t\t\t\t<div class=\"elementor-widget-container\">\n\t\t\t\t\t\t\t<div dir=\"auto\"><div dir=\"auto\">Notre agence DBV, Dar El-Zein Bourses et Voyages , a son si\u00e8ge principal \u00e0 Abidjan, en C\u00f4te d\u2019Ivoire. Nous comptons sur un r\u00e9seau international solide, avec des clients et des repr\u00e9sentants dans divers pays, notamment :<\/div><div dir=\"auto\">\u00a0<\/div><div dir=\"auto\">\u2022Guin\u00e9e, Mali, B\u00e9nin, Maroc<\/div><div dir=\"auto\">\u2022Cor\u00e9e du Sud, Royaume-Uni, France<\/div><div dir=\"auto\">\u2022Qatar, Kowe\u00eft, Arabie Saoudite, Duba\u00ef<\/div><div dir=\"auto\">\u2022S\u00e9n\u00e9gal, ainsi que dans d\u2019autres pays<\/div><div dir=\"auto\">\u00a0<\/div><div dir=\"auto\">Nous nous engageons \u00e0 fournir des services de haute qualit\u00e9 et \u00e0 soutenir nos clients partout dans le monde.<\/div><\/div>\t\t\t\t\t\t<\/div>\n\t\t\t\t<\/div>\n\t\t\t\t\t<\/div>\n\t\t<\/div>\n\t\t\t\t<div class=\"elementor-column elementor-col-33 elementor-top-column elementor-element elementor-element-2168464\" data-id=\"2168464\" data-element_type=\"column\">\n\t\t\t<div class=\"elementor-widget-wrap\">\n\t\t\t\t\t\t\t<\/div>\n\t\t<\/div>\n\t\t\t\t\t<\/div>\n\t\t<\/section>\n\t\t\t\t<\/div>\n\t\t","protected":false},"excerpt":{"rendered":"<p>Pr\u00e9sentation de DBV &#8211; Dar El Zein Bourse et Voyage Notre agence DBV, Dar El-Zein Bourses et Voyages , a son si\u00e8ge principal \u00e0 Abidjan, en C\u00f4te d\u2019Ivoire. Nous comptons sur un r\u00e9seau international solide, avec des clients et des repr\u00e9sentants dans divers pays, notamment :\u00a0\u2022Guin\u00e9e, Mali, B\u00e9nin, Maroc\u2022Cor\u00e9e du Sud, Royaume-Uni, France\u2022Qatar, Kowe\u00eft, Arabie&#8230;<\/p>\n","protected":false},"author":1,"featured_media":0,"parent":0,"menu_order":0,"comment_status":"closed","ping_status":"closed","template":"","meta":{"footnotes":""},"class_list":["post-10075","page","type-page","status-publish","hentry"],"yoast_head":"<!-- This site is optimized with the Yoast SEO plugin v24.0 - https:\/\/yoast.com\/wordpress\/plugins\/seo\/ -->\n<title>Pr\u00e9sentation de DBV - Dar El Zein Bourse et Voyage - DAR EL-ZEIN Bourses &amp; Voyages<\/title>\n<meta name=\"robots\" content=\"index, follow, max-snippet:-1, max-image-preview:large, max-video-preview:-1\" \/>\n<link rel=\"canonical\" href=\"https:\/\/darzein.com\/?page_id=10075\" \/>\n<meta property=\"og:locale\" content=\"en_US\" \/>\n<meta property=\"og:type\" content=\"article\" \/>\n<meta property=\"og:title\" content=\"Pr\u00e9sentation de DBV - Dar El Zein Bourse et Voyage - DAR EL-ZEIN Bourses &amp; Voyages\" \/>\n<meta property=\"og:description\" content=\"Pr\u00e9sentation de DBV &#8211; Dar El Zein Bourse et Voyage Notre agence DBV, Dar El-Zein Bourses et Voyages , a son si\u00e8ge principal \u00e0 Abidjan, en C\u00f4te d\u2019Ivoire. Nous comptons sur un r\u00e9seau international solide, avec des clients et des repr\u00e9sentants dans divers pays, notamment :\u00a0\u2022Guin\u00e9e, Mali, B\u00e9nin, Maroc\u2022Cor\u00e9e du Sud, Royaume-Uni, France\u2022Qatar, Kowe\u00eft, Arabie...\" \/>\n<meta property=\"og:url\" content=\"https:\/\/darzein.com\/?page_id=10075\" \/>\n<meta property=\"og:site_name\" content=\"DAR EL-ZEIN Bourses &amp; Voyages\" \/>\n<meta property=\"article:modified_time\" content=\"2025-07-29T23:31:43+00:00\" \/>\n<meta property=\"og:image\" content=\"http:\/\/darzein.com\/wp-content\/uploads\/2025\/04\/IMG-20250423-WA0099.jpg\" \/>\n<meta name=\"twitter:card\" content=\"summary_large_image\" \/>\n<meta name=\"twitter:label1\" content=\"Est. reading time\" \/>\n\t<meta name=\"twitter:data1\" content=\"1 minute\" \/>\n<script type=\"application\/ld+json\" class=\"yoast-schema-graph\">{\"@context\":\"https:\/\/schema.org\",\"@graph\":[{\"@type\":\"WebPage\",\"@id\":\"https:\/\/darzein.com\/?page_id=10075\",\"url\":\"https:\/\/darzein.com\/?page_id=10075\",\"name\":\"Pr\u00e9sentation de DBV - Dar El Zein Bourse et Voyage - DAR EL-ZEIN Bourses &amp; Voyages\",\"isPartOf\":{\"@id\":\"https:\/\/darzein.com\/#website\"},\"primaryImageOfPage\":{\"@id\":\"https:\/\/darzein.com\/?page_id=10075#primaryimage\"},\"image\":{\"@id\":\"https:\/\/darzein.com\/?page_id=10075#primaryimage\"},\"thumbnailUrl\":\"http:\/\/darzein.com\/wp-content\/uploads\/2025\/04\/IMG-20250423-WA0099.jpg\",\"datePublished\":\"2025-03-05T23:48:39+00:00\",\"dateModified\":\"2025-07-29T23:31:43+00:00\",\"breadcrumb\":{\"@id\":\"https:\/\/darzein.com\/?page_id=10075#breadcrumb\"},\"inLanguage\":\"en-US\",\"potentialAction\":[{\"@type\":\"ReadAction\",\"target\":[\"https:\/\/darzein.com\/?page_id=10075\"]}]},{\"@type\":\"ImageObject\",\"inLanguage\":\"en-US\",\"@id\":\"https:\/\/darzein.com\/?page_id=10075#primaryimage\",\"url\":\"https:\/\/darzein.com\/wp-content\/uploads\/2025\/04\/IMG-20250423-WA0099.jpg\",\"contentUrl\":\"https:\/\/darzein.com\/wp-content\/uploads\/2025\/04\/IMG-20250423-WA0099.jpg\",\"width\":750,\"height\":469},{\"@type\":\"BreadcrumbList\",\"@id\":\"https:\/\/darzein.com\/?page_id=10075#breadcrumb\",\"itemListElement\":[{\"@type\":\"ListItem\",\"position\":1,\"name\":\"Home\",\"item\":\"https:\/\/darzein.com\/\"},{\"@type\":\"ListItem\",\"position\":2,\"name\":\"Pr\u00e9sentation de DBV &#8211; Dar El Zein Bourse et Voyage\"}]},{\"@type\":\"WebSite\",\"@id\":\"https:\/\/darzein.com\/#website\",\"url\":\"https:\/\/darzein.com\/\",\"name\":\"DAR EL-ZEIN Bourses &amp; Voyages\",\"description\":\"\",\"potentialAction\":[{\"@type\":\"SearchAction\",\"target\":{\"@type\":\"EntryPoint\",\"urlTemplate\":\"https:\/\/darzein.com\/?s={search_term_string}\"},\"query-input\":{\"@type\":\"PropertyValueSpecification\",\"valueRequired\":true,\"valueName\":\"search_term_string\"}}],\"inLanguage\":\"en-US\"}]}<\/script>\n<!-- \/ Yoast SEO plugin. -->","yoast_head_json":{"title":"Pr\u00e9sentation de DBV - Dar El Zein Bourse et Voyage - DAR EL-ZEIN Bourses &amp; Voyages","robots":{"index":"index","follow":"follow","max-snippet":"max-snippet:-1","max-image-preview":"max-image-preview:large","max-video-preview":"max-video-preview:-1"},"canonical":"https:\/\/darzein.com\/?page_id=10075","og_locale":"en_US","og_type":"article","og_title":"Pr\u00e9sentation de DBV - Dar El Zein Bourse et Voyage - DAR EL-ZEIN Bourses &amp; Voyages","og_description":"Pr\u00e9sentation de DBV &#8211; Dar El Zein Bourse et Voyage Notre agence DBV, Dar El-Zein Bourses et Voyages , a son si\u00e8ge principal \u00e0 Abidjan, en C\u00f4te d\u2019Ivoire. Nous comptons sur un r\u00e9seau international solide, avec des clients et des repr\u00e9sentants dans divers pays, notamment :\u00a0\u2022Guin\u00e9e, Mali, B\u00e9nin, Maroc\u2022Cor\u00e9e du Sud, Royaume-Uni, France\u2022Qatar, Kowe\u00eft, Arabie...","og_url":"https:\/\/darzein.com\/?page_id=10075","og_site_name":"DAR EL-ZEIN Bourses &amp; Voyages","article_modified_time":"2025-07-29T23:31:43+00:00","og_image":[{"url":"http:\/\/darzein.com\/wp-content\/uploads\/2025\/04\/IMG-20250423-WA0099.jpg","type":"","width":"","height":""}],"twitter_card":"summary_large_image","twitter_misc":{"Est. reading time":"1 minute"},"schema":{"@context":"https:\/\/schema.org","@graph":[{"@type":"WebPage","@id":"https:\/\/darzein.com\/?page_id=10075","url":"https:\/\/darzein.com\/?page_id=10075","name":"Pr\u00e9sentation de DBV - Dar El Zein Bourse et Voyage - DAR EL-ZEIN Bourses &amp; Voyages","isPartOf":{"@id":"https:\/\/darzein.com\/#website"},"primaryImageOfPage":{"@id":"https:\/\/darzein.com\/?page_id=10075#primaryimage"},"image":{"@id":"https:\/\/darzein.com\/?page_id=10075#primaryimage"},"thumbnailUrl":"http:\/\/darzein.com\/wp-content\/uploads\/2025\/04\/IMG-20250423-WA0099.jpg","datePublished":"2025-03-05T23:48:39+00:00","dateModified":"2025-07-29T23:31:43+00:00","breadcrumb":{"@id":"https:\/\/darzein.com\/?page_id=10075#breadcrumb"},"inLanguage":"en-US","potentialAction":[{"@type":"ReadAction","target":["https:\/\/darzein.com\/?page_id=10075"]}]},{"@type":"ImageObject","inLanguage":"en-US","@id":"https:\/\/darzein.com\/?page_id=10075#primaryimage","url":"https:\/\/darzein.com\/wp-content\/uploads\/2025\/04\/IMG-20250423-WA0099.jpg","contentUrl":"https:\/\/darzein.com\/wp-content\/uploads\/2025\/04\/IMG-20250423-WA0099.jpg","width":750,"height":469},{"@type":"BreadcrumbList","@id":"https:\/\/darzein.com\/?page_id=10075#breadcrumb","itemListElement":[{"@type":"ListItem","position":1,"name":"Home","item":"https:\/\/darzein.com\/"},{"@type":"ListItem","position":2,"name":"Pr\u00e9sentation de DBV &#8211; Dar El Zein Bourse et Voyage"}]},{"@type":"WebSite","@id":"https:\/\/darzein.com\/#website","url":"https:\/\/darzein.com\/","name":"DAR EL-ZEIN Bourses &amp; Voyages","description":"","potentialAction":[{"@type":"SearchAction","target":{"@type":"EntryPoint","urlTemplate":"https:\/\/darzein.com\/?s={search_term_string}"},"query-input":{"@type":"PropertyValueSpecification","valueRequired":true,"valueName":"search_term_string"}}],"inLanguage":"en-US"}]}},"_links":{"self":[{"href":"https:\/\/darzein.com\/index.php?rest_route=\/wp\/v2\/pages\/10075","targetHints":{"allow":["GET"]}}],"collection":[{"href":"https:\/\/darzein.com\/index.php?rest_route=\/wp\/v2\/pages"}],"about":[{"href":"https:\/\/darzein.com\/index.php?rest_route=\/wp\/v2\/types\/page"}],"author":[{"embeddable":true,"href":"https:\/\/darzein.com\/index.php?rest_route=\/wp\/v2\/users\/1"}],"replies":[{"embeddable":true,"href":"https:\/\/darzein.com\/index.php?rest_route=%2Fwp%2Fv2%2Fcomments&post=10075"}],"version-history":[{"count":5,"href":"https:\/\/darzein.com\/index.php?rest_route=\/wp\/v2\/pages\/10075\/revisions"}],"predecessor-version":[{"id":10539,"href":"https:\/\/darzein.com\/index.php?rest_route=\/wp\/v2\/pages\/10075\/revisions\/10539"}],"wp:attachment":[{"href":"https:\/\/darzein.com\/index.php?rest_route=%2Fwp%2Fv2%2Fmedia&parent=10075"}],"curies":[{"name":"wp","href":"https:\/\/api.w.org\/{rel}","templated":true}]}}