{"id":10068,"date":"2025-03-05T23:09:17","date_gmt":"2025-03-05T23:09:17","guid":{"rendered":"https:\/\/darzein.com\/?page_id=10068"},"modified":"2025-03-05T23:16:51","modified_gmt":"2025-03-05T23:16:51","slug":"services-de-candidature-aux-bourses-universitaires-et-obtention-des-admissions","status":"publish","type":"page","link":"https:\/\/darzein.com\/?page_id=10068","title":{"rendered":"Services de candidature aux bourses universitaires et obtention des admissions"},"content":{"rendered":"\t\t<div data-elementor-type=\"wp-page\" data-elementor-id=\"10068\" class=\"elementor elementor-10068\">\n\t\t\t\t\t\t<section class=\"elementor-section elementor-top-section elementor-element elementor-element-c2de0b0 elementor-section-boxed elementor-section-height-default elementor-section-height-default\" data-id=\"c2de0b0\" data-element_type=\"section\">\n\t\t\t\t\t\t<div class=\"elementor-container elementor-column-gap-default\">\n\t\t\t\t\t<div class=\"elementor-column elementor-col-66 elementor-top-column elementor-element elementor-element-db46c78\" data-id=\"db46c78\" data-element_type=\"column\">\n\t\t\t<div class=\"elementor-widget-wrap elementor-element-populated\">\n\t\t\t\t\t\t<div class=\"elementor-element elementor-element-82fcd33 elementor-widget elementor-widget-image\" data-id=\"82fcd33\" data-element_type=\"widget\" data-widget_type=\"image.default\">\n\t\t\t\t<div class=\"elementor-widget-container\">\n\t\t\t\t\t\t\t\t\t\t\t\t\t<img fetchpriority=\"high\" decoding=\"async\" width=\"410\" height=\"250\" src=\"https:\/\/darzein.com\/wp-content\/uploads\/2023\/03\/con-2.png\" class=\"attachment-full size-full wp-image-9171\" alt=\"\" srcset=\"https:\/\/darzein.com\/wp-content\/uploads\/2023\/03\/con-2.png 410w, https:\/\/darzein.com\/wp-content\/uploads\/2023\/03\/con-2-300x183.png 300w, https:\/\/darzein.com\/wp-content\/uploads\/2023\/03\/con-2-18x12.png 18w\" sizes=\"(max-width: 410px) 100vw, 410px\" \/>\t\t\t\t\t\t\t\t\t\t\t\t\t<\/div>\n\t\t\t\t<\/div>\n\t\t\t\t<div class=\"elementor-element elementor-element-6dc0f26 elementor-widget elementor-widget-heading\" data-id=\"6dc0f26\" data-element_type=\"widget\" data-widget_type=\"heading.default\">\n\t\t\t\t<div class=\"elementor-widget-container\">\n\t\t\t<h3 class=\"elementor-heading-title elementor-size-default\">Services de candidature aux bourses universitaires et obtention des admissions<\/h3>\t\t<\/div>\n\t\t\t\t<\/div>\n\t\t\t\t<div class=\"elementor-element elementor-element-7b67a72 elementor-widget elementor-widget-text-editor\" data-id=\"7b67a72\" data-element_type=\"widget\" data-widget_type=\"text-editor.default\">\n\t\t\t\t<div class=\"elementor-widget-container\">\n\t\t\t\t\t\t\t<div dir=\"auto\"><strong>1. Conseils acad\u00e9miques :<\/strong><\/div><div dir=\"auto\">\u2022 Fournir des recommandations sur le choix des universit\u00e9s, des programmes et des bourses adapt\u00e9s.<\/div><div dir=\"auto\">\u00a0<\/div><div dir=\"auto\"><strong>2.Pr\u00e9paration des documents :<\/strong><\/div><div dir=\"auto\">\u2022 Pr\u00e9parer et organiser les documents requis tels que le CV, les lettres de motivation et les certificats.<\/div><div dir=\"auto\">\u00a0<\/div><div dir=\"auto\"><strong>3.Processus de candidature :<\/strong><\/div><div dir=\"auto\">\u2022 Remplir les formulaires en ligne et assurer le suivi des candidatures.<\/div><div dir=\"auto\">\u00a0<\/div><div dir=\"auto\"><strong>4.Suivi avec les universit\u00e9s :<\/strong><\/div><div dir=\"auto\">\u2022 Communiquer avec les institutions universitaires et mettre \u00e0 jour l\u2019\u00e9tat de la candidature.<\/div><div dir=\"auto\">\u00a0<\/div><div dir=\"auto\"><strong>5.Assistance pour les entretiens :<\/strong><\/div><div dir=\"auto\">\u2022 Offrir des conseils pour pr\u00e9parer les entretiens personnels (le cas \u00e9ch\u00e9ant).<\/div><div dir=\"auto\">\u00a0<\/div><div dir=\"auto\">Tous les services peuvent \u00eatre personnalis\u00e9s afin de garantir les meilleures opportunit\u00e9s d\u2019admission et de bourse.<\/div>\t\t\t\t\t\t<\/div>\n\t\t\t\t<\/div>\n\t\t\t\t\t<\/div>\n\t\t<\/div>\n\t\t\t\t<div class=\"elementor-column elementor-col-33 elementor-top-column elementor-element elementor-element-ffa13cf\" data-id=\"ffa13cf\" data-element_type=\"column\">\n\t\t\t<div class=\"elementor-widget-wrap elementor-element-populated\">\n\t\t\t\t\t\t\t<\/div>\n\t\t<\/div>\n\t\t\t\t\t<\/div>\n\t\t<\/section>\n\t\t\t\t<\/div>\n\t\t","protected":false},"excerpt":{"rendered":"<p>Services de candidature aux bourses universitaires et obtention des admissions 1. Conseils acad\u00e9miques :\u2022 Fournir des recommandations sur le choix des universit\u00e9s, des programmes et des bourses adapt\u00e9s.\u00a02.Pr\u00e9paration des documents :\u2022 Pr\u00e9parer et organiser les documents requis tels que le CV, les lettres de motivation et les certificats.\u00a03.Processus de candidature :\u2022 Remplir les formulaires en&#8230;<\/p>\n","protected":false},"author":1,"featured_media":0,"parent":0,"menu_order":0,"comment_status":"closed","ping_status":"closed","template":"","meta":{"footnotes":""},"class_list":["post-10068","page","type-page","status-publish","hentry"],"yoast_head":"<!-- This site is optimized with the Yoast SEO plugin v24.0 - https:\/\/yoast.com\/wordpress\/plugins\/seo\/ -->\n<title>Services de candidature aux bourses universitaires et obtention des admissions - DAR EL-ZEIN Bourses &amp; Voyages<\/title>\n<meta name=\"robots\" content=\"index, follow, max-snippet:-1, max-image-preview:large, max-video-preview:-1\" \/>\n<link rel=\"canonical\" href=\"https:\/\/darzein.com\/?page_id=10068\" \/>\n<meta property=\"og:locale\" content=\"en_US\" \/>\n<meta property=\"og:type\" content=\"article\" \/>\n<meta property=\"og:title\" content=\"Services de candidature aux bourses universitaires et obtention des admissions - DAR EL-ZEIN Bourses &amp; Voyages\" \/>\n<meta property=\"og:description\" content=\"Services de candidature aux bourses universitaires et obtention des admissions 1. Conseils acad\u00e9miques :\u2022 Fournir des recommandations sur le choix des universit\u00e9s, des programmes et des bourses adapt\u00e9s.\u00a02.Pr\u00e9paration des documents :\u2022 Pr\u00e9parer et organiser les documents requis tels que le CV, les lettres de motivation et les certificats.\u00a03.Processus de candidature :\u2022 Remplir les formulaires en...\" \/>\n<meta property=\"og:url\" content=\"https:\/\/darzein.com\/?page_id=10068\" \/>\n<meta property=\"og:site_name\" content=\"DAR EL-ZEIN Bourses &amp; Voyages\" \/>\n<meta property=\"article:modified_time\" content=\"2025-03-05T23:16:51+00:00\" \/>\n<meta property=\"og:image\" content=\"https:\/\/darzein.com\/wp-content\/uploads\/2023\/03\/con-2.png\" \/>\n\t<meta property=\"og:image:width\" content=\"410\" \/>\n\t<meta property=\"og:image:height\" content=\"250\" \/>\n\t<meta property=\"og:image:type\" content=\"image\/png\" \/>\n<meta name=\"twitter:card\" content=\"summary_large_image\" \/>\n<meta name=\"twitter:label1\" content=\"Est. reading time\" \/>\n\t<meta name=\"twitter:data1\" content=\"1 minute\" \/>\n<script type=\"application\/ld+json\" class=\"yoast-schema-graph\">{\"@context\":\"https:\/\/schema.org\",\"@graph\":[{\"@type\":\"WebPage\",\"@id\":\"https:\/\/darzein.com\/?page_id=10068\",\"url\":\"https:\/\/darzein.com\/?page_id=10068\",\"name\":\"Services de candidature aux bourses universitaires et obtention des admissions - DAR EL-ZEIN Bourses &amp; Voyages\",\"isPartOf\":{\"@id\":\"https:\/\/darzein.com\/#website\"},\"primaryImageOfPage\":{\"@id\":\"https:\/\/darzein.com\/?page_id=10068#primaryimage\"},\"image\":{\"@id\":\"https:\/\/darzein.com\/?page_id=10068#primaryimage\"},\"thumbnailUrl\":\"http:\/\/darzein.com\/wp-content\/uploads\/2023\/03\/con-2.png\",\"datePublished\":\"2025-03-05T23:09:17+00:00\",\"dateModified\":\"2025-03-05T23:16:51+00:00\",\"breadcrumb\":{\"@id\":\"https:\/\/darzein.com\/?page_id=10068#breadcrumb\"},\"inLanguage\":\"en-US\",\"potentialAction\":[{\"@type\":\"ReadAction\",\"target\":[\"https:\/\/darzein.com\/?page_id=10068\"]}]},{\"@type\":\"ImageObject\",\"inLanguage\":\"en-US\",\"@id\":\"https:\/\/darzein.com\/?page_id=10068#primaryimage\",\"url\":\"https:\/\/darzein.com\/wp-content\/uploads\/2023\/03\/con-2.png\",\"contentUrl\":\"https:\/\/darzein.com\/wp-content\/uploads\/2023\/03\/con-2.png\",\"width\":410,\"height\":250},{\"@type\":\"BreadcrumbList\",\"@id\":\"https:\/\/darzein.com\/?page_id=10068#breadcrumb\",\"itemListElement\":[{\"@type\":\"ListItem\",\"position\":1,\"name\":\"Home\",\"item\":\"https:\/\/darzein.com\/\"},{\"@type\":\"ListItem\",\"position\":2,\"name\":\"Services de candidature aux bourses universitaires et obtention des admissions\"}]},{\"@type\":\"WebSite\",\"@id\":\"https:\/\/darzein.com\/#website\",\"url\":\"https:\/\/darzein.com\/\",\"name\":\"DAR EL-ZEIN Bourses &amp; Voyages\",\"description\":\"\",\"potentialAction\":[{\"@type\":\"SearchAction\",\"target\":{\"@type\":\"EntryPoint\",\"urlTemplate\":\"https:\/\/darzein.com\/?s={search_term_string}\"},\"query-input\":{\"@type\":\"PropertyValueSpecification\",\"valueRequired\":true,\"valueName\":\"search_term_string\"}}],\"inLanguage\":\"en-US\"}]}<\/script>\n<!-- \/ Yoast SEO plugin. -->","yoast_head_json":{"title":"Services de candidature aux bourses universitaires et obtention des admissions - DAR EL-ZEIN Bourses &amp; Voyages","robots":{"index":"index","follow":"follow","max-snippet":"max-snippet:-1","max-image-preview":"max-image-preview:large","max-video-preview":"max-video-preview:-1"},"canonical":"https:\/\/darzein.com\/?page_id=10068","og_locale":"en_US","og_type":"article","og_title":"Services de candidature aux bourses universitaires et obtention des admissions - DAR EL-ZEIN Bourses &amp; Voyages","og_description":"Services de candidature aux bourses universitaires et obtention des admissions 1. Conseils acad\u00e9miques :\u2022 Fournir des recommandations sur le choix des universit\u00e9s, des programmes et des bourses adapt\u00e9s.\u00a02.Pr\u00e9paration des documents :\u2022 Pr\u00e9parer et organiser les documents requis tels que le CV, les lettres de motivation et les certificats.\u00a03.Processus de candidature :\u2022 Remplir les formulaires en...","og_url":"https:\/\/darzein.com\/?page_id=10068","og_site_name":"DAR EL-ZEIN Bourses &amp; Voyages","article_modified_time":"2025-03-05T23:16:51+00:00","og_image":[{"width":410,"height":250,"url":"https:\/\/darzein.com\/wp-content\/uploads\/2023\/03\/con-2.png","type":"image\/png"}],"twitter_card":"summary_large_image","twitter_misc":{"Est. reading time":"1 minute"},"schema":{"@context":"https:\/\/schema.org","@graph":[{"@type":"WebPage","@id":"https:\/\/darzein.com\/?page_id=10068","url":"https:\/\/darzein.com\/?page_id=10068","name":"Services de candidature aux bourses universitaires et obtention des admissions - DAR EL-ZEIN Bourses &amp; Voyages","isPartOf":{"@id":"https:\/\/darzein.com\/#website"},"primaryImageOfPage":{"@id":"https:\/\/darzein.com\/?page_id=10068#primaryimage"},"image":{"@id":"https:\/\/darzein.com\/?page_id=10068#primaryimage"},"thumbnailUrl":"http:\/\/darzein.com\/wp-content\/uploads\/2023\/03\/con-2.png","datePublished":"2025-03-05T23:09:17+00:00","dateModified":"2025-03-05T23:16:51+00:00","breadcrumb":{"@id":"https:\/\/darzein.com\/?page_id=10068#breadcrumb"},"inLanguage":"en-US","potentialAction":[{"@type":"ReadAction","target":["https:\/\/darzein.com\/?page_id=10068"]}]},{"@type":"ImageObject","inLanguage":"en-US","@id":"https:\/\/darzein.com\/?page_id=10068#primaryimage","url":"https:\/\/darzein.com\/wp-content\/uploads\/2023\/03\/con-2.png","contentUrl":"https:\/\/darzein.com\/wp-content\/uploads\/2023\/03\/con-2.png","width":410,"height":250},{"@type":"BreadcrumbList","@id":"https:\/\/darzein.com\/?page_id=10068#breadcrumb","itemListElement":[{"@type":"ListItem","position":1,"name":"Home","item":"https:\/\/darzein.com\/"},{"@type":"ListItem","position":2,"name":"Services de candidature aux bourses universitaires et obtention des admissions"}]},{"@type":"WebSite","@id":"https:\/\/darzein.com\/#website","url":"https:\/\/darzein.com\/","name":"DAR EL-ZEIN Bourses &amp; Voyages","description":"","potentialAction":[{"@type":"SearchAction","target":{"@type":"EntryPoint","urlTemplate":"https:\/\/darzein.com\/?s={search_term_string}"},"query-input":{"@type":"PropertyValueSpecification","valueRequired":true,"valueName":"search_term_string"}}],"inLanguage":"en-US"}]}},"_links":{"self":[{"href":"https:\/\/darzein.com\/index.php?rest_route=\/wp\/v2\/pages\/10068","targetHints":{"allow":["GET"]}}],"collection":[{"href":"https:\/\/darzein.com\/index.php?rest_route=\/wp\/v2\/pages"}],"about":[{"href":"https:\/\/darzein.com\/index.php?rest_route=\/wp\/v2\/types\/page"}],"author":[{"embeddable":true,"href":"https:\/\/darzein.com\/index.php?rest_route=\/wp\/v2\/users\/1"}],"replies":[{"embeddable":true,"href":"https:\/\/darzein.com\/index.php?rest_route=%2Fwp%2Fv2%2Fcomments&post=10068"}],"version-history":[{"count":4,"href":"https:\/\/darzein.com\/index.php?rest_route=\/wp\/v2\/pages\/10068\/revisions"}],"predecessor-version":[{"id":10074,"href":"https:\/\/darzein.com\/index.php?rest_route=\/wp\/v2\/pages\/10068\/revisions\/10074"}],"wp:attachment":[{"href":"https:\/\/darzein.com\/index.php?rest_route=%2Fwp%2Fv2%2Fmedia&parent=10068"}],"curies":[{"name":"wp","href":"https:\/\/api.w.org\/{rel}","templated":true}]}}