{"id":10046,"date":"2025-03-05T18:07:50","date_gmt":"2025-03-05T18:07:50","guid":{"rendered":"https:\/\/darzein.com\/?page_id=10046"},"modified":"2025-04-24T22:15:58","modified_gmt":"2025-04-24T22:15:58","slug":"assistance-pour-lobtention-de-visa","status":"publish","type":"page","link":"https:\/\/darzein.com\/?page_id=10046","title":{"rendered":"Services d\u2019assistance pour l\u2019obtention de visa"},"content":{"rendered":"\t\t<div data-elementor-type=\"wp-page\" data-elementor-id=\"10046\" class=\"elementor elementor-10046\">\n\t\t\t\t\t\t<section class=\"elementor-section elementor-top-section elementor-element elementor-element-ec9a659 elementor-section-boxed elementor-section-height-default elementor-section-height-default\" data-id=\"ec9a659\" data-element_type=\"section\">\n\t\t\t\t\t\t<div class=\"elementor-container elementor-column-gap-default\">\n\t\t\t\t\t<div class=\"elementor-column elementor-col-66 elementor-top-column elementor-element elementor-element-f5b93da\" data-id=\"f5b93da\" data-element_type=\"column\">\n\t\t\t<div class=\"elementor-widget-wrap elementor-element-populated\">\n\t\t\t\t\t\t<div class=\"elementor-element elementor-element-0138d83 elementor-widget elementor-widget-image\" data-id=\"0138d83\" data-element_type=\"widget\" data-widget_type=\"image.default\">\n\t\t\t\t<div class=\"elementor-widget-container\">\n\t\t\t\t\t\t\t\t\t\t\t\t\t<img fetchpriority=\"high\" decoding=\"async\" width=\"750\" height=\"469\" src=\"https:\/\/darzein.com\/wp-content\/uploads\/2025\/04\/IMG-20250423-WA0097.jpg\" class=\"attachment-full size-full wp-image-10115\" alt=\"\" srcset=\"https:\/\/darzein.com\/wp-content\/uploads\/2025\/04\/IMG-20250423-WA0097.jpg 750w, https:\/\/darzein.com\/wp-content\/uploads\/2025\/04\/IMG-20250423-WA0097-300x188.jpg 300w\" sizes=\"(max-width: 750px) 100vw, 750px\" \/>\t\t\t\t\t\t\t\t\t\t\t\t\t<\/div>\n\t\t\t\t<\/div>\n\t\t\t\t<div class=\"elementor-element elementor-element-e883983 elementor-widget elementor-widget-heading\" data-id=\"e883983\" data-element_type=\"widget\" data-widget_type=\"heading.default\">\n\t\t\t\t<div class=\"elementor-widget-container\">\n\t\t\t<h3 class=\"elementor-heading-title elementor-size-default\">L\u2019agence propose des services complets pour faciliter l\u2019obtention des visas rapidement et sans complications, notamment :<\/h3>\t\t<\/div>\n\t\t\t\t<\/div>\n\t\t\t\t<div class=\"elementor-element elementor-element-48dd774 elementor-widget elementor-widget-text-editor\" data-id=\"48dd774\" data-element_type=\"widget\" data-widget_type=\"text-editor.default\">\n\t\t\t\t<div class=\"elementor-widget-container\">\n\t\t\t\t\t\t\t<div dir=\"auto\"><strong>1. Conseil en mati\u00e8re de visa :<\/strong><\/div><div dir=\"auto\">\u2022Fourniture d\u2019informations pr\u00e9cises sur les exigences des visas pour chaque pays.<\/div><div dir=\"auto\">\u2022Orientation des clients vers le type de visa appropri\u00e9 (tourisme, \u00e9tudes, travail, soins m\u00e9dicaux, etc.).<\/div><div dir=\"auto\">\u00a0<\/div><div dir=\"auto\"><strong>2. Pr\u00e9paration et v\u00e9rification des documents :<\/strong><\/div><div dir=\"auto\">\u2022V\u00e9rification des documents requis pour s\u2019assurer de leur conformit\u00e9.<\/div><div dir=\"auto\">\u2022Assistance pour remplir correctement les formulaires de demande de visa.<\/div><div dir=\"auto\">\u00a0<\/div><div dir=\"auto\"><strong>3. Prise de rendez-vous et soumission des demandes :<\/strong><\/div><div dir=\"auto\">\u2022Organisation des rendez-vous aupr\u00e8s des ambassades et consulats.<\/div><div dir=\"auto\">\u2022Suivi des demandes pour garantir un traitement efficace.<\/div><div dir=\"auto\">\u00a0<\/div><div dir=\"auto\"><strong>4. Fourniture de lettres de soutien :<\/strong><\/div><div dir=\"auto\">\u2022R\u00e9daction de lettres d\u2019invitation si n\u00e9cessaire.<\/div><div dir=\"auto\">\u2022Fourniture de r\u00e9servations de voyage et d\u2019h\u00f4tel comme justificatifs.<\/div><div dir=\"auto\">\u00a0<\/div><div dir=\"auto\"><strong>5. Services d\u2019assurance et de l\u00e9galisation :<\/strong><\/div><div dir=\"auto\">\u2022Fourniture d\u2019une assurance voyage conforme aux exigences des visas.<\/div><div dir=\"auto\">\u2022L\u00e9galisation et authentification des documents officiels si n\u00e9cessaire.<\/div><div dir=\"auto\">\u00a0<\/div><div dir=\"auto\"><strong>6. Suivi et assistance :<\/strong><\/div><div dir=\"auto\">\u2022Suivi de l\u2019\u00e9tat de la demande et communication des mises \u00e0 jour au client.<\/div><div dir=\"auto\">\u2022Assistance en cas de demande de documents suppl\u00e9mentaires ou de refus de visa.<\/div><div dir=\"auto\">\u00a0<\/div><div dir=\"auto\">Ces services garantissent aux clients une proc\u00e9dure de visa simplifi\u00e9e, avec un accompagnement professionnel pour maximiser les chances d\u2019approbation.<\/div>\t\t\t\t\t\t<\/div>\n\t\t\t\t<\/div>\n\t\t\t\t\t<\/div>\n\t\t<\/div>\n\t\t\t\t<div class=\"elementor-column elementor-col-33 elementor-top-column elementor-element elementor-element-25e7710\" data-id=\"25e7710\" data-element_type=\"column\">\n\t\t\t<div class=\"elementor-widget-wrap\">\n\t\t\t\t\t\t\t<\/div>\n\t\t<\/div>\n\t\t\t\t\t<\/div>\n\t\t<\/section>\n\t\t\t\t<\/div>\n\t\t","protected":false},"excerpt":{"rendered":"<p>L\u2019agence propose des services complets pour faciliter l\u2019obtention des visas rapidement et sans complications, notamment : 1. Conseil en mati\u00e8re de visa :\u2022Fourniture d\u2019informations pr\u00e9cises sur les exigences des visas pour chaque pays.\u2022Orientation des clients vers le type de visa appropri\u00e9 (tourisme, \u00e9tudes, travail, soins m\u00e9dicaux, etc.).\u00a02. Pr\u00e9paration et v\u00e9rification des documents :\u2022V\u00e9rification des documents&#8230;<\/p>\n","protected":false},"author":1,"featured_media":0,"parent":0,"menu_order":0,"comment_status":"closed","ping_status":"closed","template":"","meta":{"footnotes":""},"class_list":["post-10046","page","type-page","status-publish","hentry"],"yoast_head":"<!-- This site is optimized with the Yoast SEO plugin v24.0 - https:\/\/yoast.com\/wordpress\/plugins\/seo\/ -->\n<title>Services d\u2019assistance pour l\u2019obtention de visa - DAR EL-ZEIN Bourses &amp; Voyages<\/title>\n<meta name=\"robots\" content=\"index, follow, max-snippet:-1, max-image-preview:large, max-video-preview:-1\" \/>\n<link rel=\"canonical\" href=\"https:\/\/darzein.com\/?page_id=10046\" \/>\n<meta property=\"og:locale\" content=\"en_US\" \/>\n<meta property=\"og:type\" content=\"article\" \/>\n<meta property=\"og:title\" content=\"Services d\u2019assistance pour l\u2019obtention de visa - DAR EL-ZEIN Bourses &amp; Voyages\" \/>\n<meta property=\"og:description\" content=\"L\u2019agence propose des services complets pour faciliter l\u2019obtention des visas rapidement et sans complications, notamment : 1. Conseil en mati\u00e8re de visa :\u2022Fourniture d\u2019informations pr\u00e9cises sur les exigences des visas pour chaque pays.\u2022Orientation des clients vers le type de visa appropri\u00e9 (tourisme, \u00e9tudes, travail, soins m\u00e9dicaux, etc.).\u00a02. Pr\u00e9paration et v\u00e9rification des documents :\u2022V\u00e9rification des documents...\" \/>\n<meta property=\"og:url\" content=\"https:\/\/darzein.com\/?page_id=10046\" \/>\n<meta property=\"og:site_name\" content=\"DAR EL-ZEIN Bourses &amp; Voyages\" \/>\n<meta property=\"article:modified_time\" content=\"2025-04-24T22:15:58+00:00\" \/>\n<meta property=\"og:image\" content=\"http:\/\/darzein.com\/wp-content\/uploads\/2025\/04\/IMG-20250423-WA0097.jpg\" \/>\n<meta name=\"twitter:card\" content=\"summary_large_image\" \/>\n<meta name=\"twitter:label1\" content=\"Est. reading time\" \/>\n\t<meta name=\"twitter:data1\" content=\"2 minutes\" \/>\n<script type=\"application\/ld+json\" class=\"yoast-schema-graph\">{\"@context\":\"https:\/\/schema.org\",\"@graph\":[{\"@type\":\"WebPage\",\"@id\":\"https:\/\/darzein.com\/?page_id=10046\",\"url\":\"https:\/\/darzein.com\/?page_id=10046\",\"name\":\"Services d\u2019assistance pour l\u2019obtention de visa - DAR EL-ZEIN Bourses &amp; Voyages\",\"isPartOf\":{\"@id\":\"https:\/\/darzein.com\/#website\"},\"primaryImageOfPage\":{\"@id\":\"https:\/\/darzein.com\/?page_id=10046#primaryimage\"},\"image\":{\"@id\":\"https:\/\/darzein.com\/?page_id=10046#primaryimage\"},\"thumbnailUrl\":\"http:\/\/darzein.com\/wp-content\/uploads\/2025\/04\/IMG-20250423-WA0097.jpg\",\"datePublished\":\"2025-03-05T18:07:50+00:00\",\"dateModified\":\"2025-04-24T22:15:58+00:00\",\"breadcrumb\":{\"@id\":\"https:\/\/darzein.com\/?page_id=10046#breadcrumb\"},\"inLanguage\":\"en-US\",\"potentialAction\":[{\"@type\":\"ReadAction\",\"target\":[\"https:\/\/darzein.com\/?page_id=10046\"]}]},{\"@type\":\"ImageObject\",\"inLanguage\":\"en-US\",\"@id\":\"https:\/\/darzein.com\/?page_id=10046#primaryimage\",\"url\":\"http:\/\/darzein.com\/wp-content\/uploads\/2025\/04\/IMG-20250423-WA0097.jpg\",\"contentUrl\":\"http:\/\/darzein.com\/wp-content\/uploads\/2025\/04\/IMG-20250423-WA0097.jpg\"},{\"@type\":\"BreadcrumbList\",\"@id\":\"https:\/\/darzein.com\/?page_id=10046#breadcrumb\",\"itemListElement\":[{\"@type\":\"ListItem\",\"position\":1,\"name\":\"Home\",\"item\":\"https:\/\/darzein.com\/\"},{\"@type\":\"ListItem\",\"position\":2,\"name\":\"Services d\u2019assistance pour l\u2019obtention de visa\"}]},{\"@type\":\"WebSite\",\"@id\":\"https:\/\/darzein.com\/#website\",\"url\":\"https:\/\/darzein.com\/\",\"name\":\"DAR EL-ZEIN Bourses &amp; Voyages\",\"description\":\"\",\"potentialAction\":[{\"@type\":\"SearchAction\",\"target\":{\"@type\":\"EntryPoint\",\"urlTemplate\":\"https:\/\/darzein.com\/?s={search_term_string}\"},\"query-input\":{\"@type\":\"PropertyValueSpecification\",\"valueRequired\":true,\"valueName\":\"search_term_string\"}}],\"inLanguage\":\"en-US\"}]}<\/script>\n<!-- \/ Yoast SEO plugin. -->","yoast_head_json":{"title":"Services d\u2019assistance pour l\u2019obtention de visa - DAR EL-ZEIN Bourses &amp; Voyages","robots":{"index":"index","follow":"follow","max-snippet":"max-snippet:-1","max-image-preview":"max-image-preview:large","max-video-preview":"max-video-preview:-1"},"canonical":"https:\/\/darzein.com\/?page_id=10046","og_locale":"en_US","og_type":"article","og_title":"Services d\u2019assistance pour l\u2019obtention de visa - DAR EL-ZEIN Bourses &amp; Voyages","og_description":"L\u2019agence propose des services complets pour faciliter l\u2019obtention des visas rapidement et sans complications, notamment : 1. Conseil en mati\u00e8re de visa :\u2022Fourniture d\u2019informations pr\u00e9cises sur les exigences des visas pour chaque pays.\u2022Orientation des clients vers le type de visa appropri\u00e9 (tourisme, \u00e9tudes, travail, soins m\u00e9dicaux, etc.).\u00a02. Pr\u00e9paration et v\u00e9rification des documents :\u2022V\u00e9rification des documents...","og_url":"https:\/\/darzein.com\/?page_id=10046","og_site_name":"DAR EL-ZEIN Bourses &amp; Voyages","article_modified_time":"2025-04-24T22:15:58+00:00","og_image":[{"url":"http:\/\/darzein.com\/wp-content\/uploads\/2025\/04\/IMG-20250423-WA0097.jpg","type":"","width":"","height":""}],"twitter_card":"summary_large_image","twitter_misc":{"Est. reading time":"2 minutes"},"schema":{"@context":"https:\/\/schema.org","@graph":[{"@type":"WebPage","@id":"https:\/\/darzein.com\/?page_id=10046","url":"https:\/\/darzein.com\/?page_id=10046","name":"Services d\u2019assistance pour l\u2019obtention de visa - DAR EL-ZEIN Bourses &amp; Voyages","isPartOf":{"@id":"https:\/\/darzein.com\/#website"},"primaryImageOfPage":{"@id":"https:\/\/darzein.com\/?page_id=10046#primaryimage"},"image":{"@id":"https:\/\/darzein.com\/?page_id=10046#primaryimage"},"thumbnailUrl":"http:\/\/darzein.com\/wp-content\/uploads\/2025\/04\/IMG-20250423-WA0097.jpg","datePublished":"2025-03-05T18:07:50+00:00","dateModified":"2025-04-24T22:15:58+00:00","breadcrumb":{"@id":"https:\/\/darzein.com\/?page_id=10046#breadcrumb"},"inLanguage":"en-US","potentialAction":[{"@type":"ReadAction","target":["https:\/\/darzein.com\/?page_id=10046"]}]},{"@type":"ImageObject","inLanguage":"en-US","@id":"https:\/\/darzein.com\/?page_id=10046#primaryimage","url":"http:\/\/darzein.com\/wp-content\/uploads\/2025\/04\/IMG-20250423-WA0097.jpg","contentUrl":"http:\/\/darzein.com\/wp-content\/uploads\/2025\/04\/IMG-20250423-WA0097.jpg"},{"@type":"BreadcrumbList","@id":"https:\/\/darzein.com\/?page_id=10046#breadcrumb","itemListElement":[{"@type":"ListItem","position":1,"name":"Home","item":"https:\/\/darzein.com\/"},{"@type":"ListItem","position":2,"name":"Services d\u2019assistance pour l\u2019obtention de visa"}]},{"@type":"WebSite","@id":"https:\/\/darzein.com\/#website","url":"https:\/\/darzein.com\/","name":"DAR EL-ZEIN Bourses &amp; Voyages","description":"","potentialAction":[{"@type":"SearchAction","target":{"@type":"EntryPoint","urlTemplate":"https:\/\/darzein.com\/?s={search_term_string}"},"query-input":{"@type":"PropertyValueSpecification","valueRequired":true,"valueName":"search_term_string"}}],"inLanguage":"en-US"}]}},"_links":{"self":[{"href":"https:\/\/darzein.com\/index.php?rest_route=\/wp\/v2\/pages\/10046","targetHints":{"allow":["GET"]}}],"collection":[{"href":"https:\/\/darzein.com\/index.php?rest_route=\/wp\/v2\/pages"}],"about":[{"href":"https:\/\/darzein.com\/index.php?rest_route=\/wp\/v2\/types\/page"}],"author":[{"embeddable":true,"href":"https:\/\/darzein.com\/index.php?rest_route=\/wp\/v2\/users\/1"}],"replies":[{"embeddable":true,"href":"https:\/\/darzein.com\/index.php?rest_route=%2Fwp%2Fv2%2Fcomments&post=10046"}],"version-history":[{"count":5,"href":"https:\/\/darzein.com\/index.php?rest_route=\/wp\/v2\/pages\/10046\/revisions"}],"predecessor-version":[{"id":10118,"href":"https:\/\/darzein.com\/index.php?rest_route=\/wp\/v2\/pages\/10046\/revisions\/10118"}],"wp:attachment":[{"href":"https:\/\/darzein.com\/index.php?rest_route=%2Fwp%2Fv2%2Fmedia&parent=10046"}],"curies":[{"name":"wp","href":"https:\/\/api.w.org\/{rel}","templated":true}]}}